{"id":1211,"date":"2023-10-07T14:09:22","date_gmt":"2023-10-07T14:09:22","guid":{"rendered":"https:\/\/heilpraktikerpraxis-hh.de\/?page_id=1211"},"modified":"2023-10-07T14:10:24","modified_gmt":"2023-10-07T14:10:24","slug":"impressum-2","status":"publish","type":"page","link":"https:\/\/heilpraktikerpraxis-hh.de\/?page_id=1211","title":{"rendered":"Impressum"},"content":{"rendered":"\t\t<div data-elementor-type=\"wp-post\" data-elementor-id=\"1211\" class=\"elementor elementor-1211\">\n\t\t\t\t\t\t<section class=\"elementor-section elementor-top-section elementor-element elementor-element-741e9baf elementor-section-boxed elementor-section-height-default elementor-section-height-default\" data-id=\"741e9baf\" data-element_type=\"section\" data-settings=\"{&quot;background_background&quot;:&quot;classic&quot;}\">\n\t\t\t\t\t\t<div class=\"elementor-container elementor-column-gap-default\">\n\t\t\t\t\t<div class=\"elementor-column elementor-col-100 elementor-top-column elementor-element elementor-element-26959668\" data-id=\"26959668\" data-element_type=\"column\">\n\t\t\t<div class=\"elementor-widget-wrap elementor-element-populated\">\n\t\t\t\t\t\t<div class=\"elementor-element elementor-element-5f5469f1 elementor-invisible elementor-widget elementor-widget-heading\" data-id=\"5f5469f1\" data-element_type=\"widget\" data-settings=\"{&quot;_animation&quot;:&quot;fadeInDown&quot;,&quot;_animation_delay&quot;:400}\" data-widget_type=\"heading.default\">\n\t\t\t\t<div class=\"elementor-widget-container\">\n\t\t\t<style>\/*! elementor - v3.23.0 - 05-08-2024 *\/\n.elementor-heading-title{padding:0;margin:0;line-height:1}.elementor-widget-heading .elementor-heading-title[class*=elementor-size-]>a{color:inherit;font-size:inherit;line-height:inherit}.elementor-widget-heading .elementor-heading-title.elementor-size-small{font-size:15px}.elementor-widget-heading .elementor-heading-title.elementor-size-medium{font-size:19px}.elementor-widget-heading .elementor-heading-title.elementor-size-large{font-size:29px}.elementor-widget-heading .elementor-heading-title.elementor-size-xl{font-size:39px}.elementor-widget-heading .elementor-heading-title.elementor-size-xxl{font-size:59px}<\/style><h5 class=\"elementor-heading-title elementor-size-default\">Heilpraktiker-HH<\/h5>\t\t<\/div>\n\t\t\t\t<\/div>\n\t\t\t\t<div class=\"elementor-element elementor-element-70893d46 elementor-invisible elementor-widget elementor-widget-heading\" data-id=\"70893d46\" data-element_type=\"widget\" data-settings=\"{&quot;_animation&quot;:&quot;fadeInDown&quot;,&quot;_animation_delay&quot;:200}\" data-widget_type=\"heading.default\">\n\t\t\t\t<div class=\"elementor-widget-container\">\n\t\t\t<h2 class=\"elementor-heading-title elementor-size-default\">Impessum<\/h2>\t\t<\/div>\n\t\t\t\t<\/div>\n\t\t\t\t<div class=\"elementor-element elementor-element-4036593c elementor-invisible elementor-widget elementor-widget-text-editor\" data-id=\"4036593c\" data-element_type=\"widget\" data-settings=\"{&quot;_animation&quot;:&quot;fadeInDown&quot;}\" data-widget_type=\"text-editor.default\">\n\t\t\t\t<div class=\"elementor-widget-container\">\n\t\t\t<style>\/*! elementor - v3.23.0 - 05-08-2024 *\/\n.elementor-widget-text-editor.elementor-drop-cap-view-stacked .elementor-drop-cap{background-color:#69727d;color:#fff}.elementor-widget-text-editor.elementor-drop-cap-view-framed .elementor-drop-cap{color:#69727d;border:3px solid;background-color:transparent}.elementor-widget-text-editor:not(.elementor-drop-cap-view-default) .elementor-drop-cap{margin-top:8px}.elementor-widget-text-editor:not(.elementor-drop-cap-view-default) .elementor-drop-cap-letter{width:1em;height:1em}.elementor-widget-text-editor .elementor-drop-cap{float:left;text-align:center;line-height:1;font-size:50px}.elementor-widget-text-editor .elementor-drop-cap-letter{display:inline-block}<\/style>\t\t\t\t<p style=\"margin-bottom: 5px; font-style: normal; font-variant-caps: normal; font-stretch: normal; font-size: 13px; line-height: normal; font-family: Helvetica; color: rgb(40, 52, 60);\">Angaben gem\u00e4\u00df TMG, verantwortlich f\u00fcr diese Webseite<\/p><p style=\"margin-bottom: 5px; font-style: normal; font-variant-caps: normal; font-stretch: normal; font-size: 13px; line-height: normal; font-family: Helvetica; color: rgb(40, 52, 60);\">Christina Schmidt <br>\nHeilpraktikerin <br>\nGrandweg 111<\/p><p style=\"margin-bottom: 5px; font-style: normal; font-variant-caps: normal; font-stretch: normal; font-size: 13px; line-height: normal; font-family: Helvetica; color: rgb(40, 52, 60);\">22529 Hamburg<\/p><p style=\"margin-bottom: 5px; font-style: normal; font-variant-caps: normal; font-stretch: normal; font-size: 13px; line-height: normal; font-family: Helvetica; color: rgb(40, 52, 60);\">Telefon: 0151 59227001<\/p><p style=\"margin-bottom: 5px; font-style: normal; font-variant-caps: normal; font-stretch: normal; font-size: 13px; line-height: normal; font-family: Helvetica; color: rgb(40, 52, 60);\"><br>\nEmail: info@heilpraktikerpraxis-hh.de<\/p><p style=\"margin-bottom: 5px; font-style: normal; font-variant-caps: normal; font-stretch: normal; font-size: 13px; line-height: normal; font-family: Helvetica; color: rgb(40, 52, 60);\"><br>\nwww.heilpraktikerpraxis-hh.de<\/p><p style=\"margin-bottom: 5px; font-style: normal; font-variant-caps: normal; font-stretch: normal; font-size: 13px; line-height: normal; font-family: Helvetica; color: rgb(40, 52, 60); min-height: 16px;\">&nbsp;<\/p><p style=\"margin-bottom: 5px; font-style: normal; font-variant-caps: normal; font-stretch: normal; font-size: 13px; line-height: normal; font-family: Helvetica; color: rgb(40, 52, 60);\">Mitglied im Fachverband Deutscher Heilpraktiker FDH &#8211; Landesverband Hamburg e.V.<br>\n(Mitgliedsnummer: 24378)<\/p><p style=\"margin-bottom: 5px; font-style: normal; font-variant-caps: normal; font-stretch: normal; font-size: 13px; line-height: normal; font-family: Helvetica; color: rgb(40, 52, 60); min-height: 16px;\"><br><\/p><p style=\"margin-bottom: 5px; font-style: normal; font-variant-caps: normal; font-stretch: normal; font-size: 13px; line-height: normal; font-family: Helvetica; color: rgb(40, 52, 60);\"><b>Zulassung<\/b><\/p><p style=\"margin-bottom: 5px; font-style: normal; font-variant-caps: normal; font-stretch: normal; font-size: 13px; line-height: normal; font-family: Helvetica; color: rgb(40, 52, 60);\">Die Erlaubnis zur berufsm\u00e4\u00dfigen Aus\u00fcbung der Heilkunde ohne Bestallung gem\u00e4\u00df \u00a7 1 Abs. 1 des Gesetzes \u00fcber die berufsm\u00e4\u00dfige Aus\u00fcbung der Heilkunde ohne Bestallung (Heilpraktikergesetz) vom 17.02.1939 wurde mir am 05.02.2018 durch die Beh\u00f6rde f\u00fcr Wissenschaft und Gesundheit in Hamburg erteilt (Akte: 15922).<\/p><p style=\"margin-bottom: 5px; font-style: normal; font-variant-caps: normal; font-stretch: normal; font-size: 13px; line-height: normal; font-family: Helvetica; color: rgb(40, 52, 60);\">F\u00fcr mein Heilpraktikerpraxis ist das Gesundheitsamt Hamburg-Eimsb\u00fcttel die zust\u00e4ndige Beh\u00f6rde.<br>\nGesundheits- und Umweltamt Hamburg-Eimsb\u00fcttel<br>\nGrindelberg 62<br>\n20144 Hamburg<\/p><p style=\"margin-bottom: 5px; font-style: normal; font-variant-caps: normal; font-stretch: normal; font-size: 13px; line-height: normal; font-family: Helvetica; color: rgb(40, 52, 60); min-height: 16px;\"><br><\/p><p style=\"margin-bottom: 5px; font-style: normal; font-variant-caps: normal; font-stretch: normal; font-size: 13px; line-height: normal; font-family: Helvetica; color: rgb(40, 52, 60);\"><b>Haftung f\u00fcr Inhalte<\/b><\/p><p style=\"margin-bottom: 5px; font-style: normal; font-variant-caps: normal; font-stretch: normal; font-size: 13px; line-height: normal; font-family: Helvetica; color: rgb(40, 52, 60);\">Die Inhalte meiner Webseite wurden mit gr\u00f6\u00dfter Sorgfalt erstellt. F\u00fcr die Richtigkeit, Vollst\u00e4ndigkeit und Aktualit\u00e4t der Inhalte kann ich jedoch keine Gew\u00e4hr \u00fcbernehmen. Als Dienste-Anbieterin bin ich gem\u00e4\u00df \u00a7 7 (1) TMG f\u00fcr eigene Inhalte auf diesen Seiten nach den allgemeinen Gesetzen verantwortlich. Dienste-Anbieter sind nach den \u00a7\u00a7 8 &#8211; 10 TMG jedoch nicht verpflichtet, die von ihnen \u00fcbermittelten oder gespeicherten fremden Informationen zu \u00fcberwachen oder nach Umst\u00e4nden zu forschen, die auf eine rechtswidrige T\u00e4tigkeit hinweisen. Verpflichtungen zur Entfernung oder Sperrung der Nutzung von Informationen nach den allgemeinen Gesetzen bleiben hiervon unber\u00fchrt. Eine diesbez\u00fcgliche Haftung ist jedoch erst ab dem Zeitpunkt der Kenntnis einer konkreten Rechtsverletzung m\u00f6glich. Bei Bekanntwerden von entsprechenden Rechtsverletzungen werde ich diese Inhalte umgehend entfernen<\/p><p style=\"margin-bottom: 5px; font-style: normal; font-variant-caps: normal; font-stretch: normal; font-size: 13px; line-height: normal; font-family: Helvetica; color: rgb(40, 52, 60); min-height: 16px;\"><br><\/p><p style=\"margin-bottom: 5px; font-style: normal; font-variant-caps: normal; font-stretch: normal; font-size: 13px; line-height: normal; font-family: Helvetica; color: rgb(40, 52, 60);\"><b>Haftung f\u00fcr Links<\/b><\/p><p style=\"margin-bottom: 5px; font-style: normal; font-variant-caps: normal; font-stretch: normal; font-size: 13px; line-height: normal; font-family: Helvetica; color: rgb(40, 52, 60);\">Meine Webseite enth\u00e4lt Links zu externen Webseiten Dritter, auf deren Inhalte und Gestaltung ich keinen Einfluss habe. Deshalb kann ich f\u00fcr diese fremden Inhalte auch keine Gew\u00e4hr \u00fcbernehmen. F\u00fcr die Inhalte der verlinkten Seiten ist stets der jeweilige Anbieter oder Betreiber der Seiten verantwortlich. Deshalb distanziere ich mich hiermit ausdr\u00fccklich von allen Inhalten aller gelinkten Seiten auf der gesamten Webseite inklusive aller Unterseiten. Diese Erkl\u00e4rung gilt f\u00fcr alle auf der Homepage angebrachten Links und f\u00fcr alle Inhalte der Seiten, zu denen Links und\/oder Banner f\u00fchren. Die verlinkten Seiten wurden zum Zeitpunkt der Verlinkung auf m\u00f6gliche Rechtsverst\u00f6\u00dfe \u00fcberpr\u00fcft. Rechtswidrige Inhalte waren zum Zeitpunkt der Verlinkung nicht erkennbar. Eine permanente inhaltliche Kontrolle der verlinkten Seiten ist jedoch ohne konkrete Anhaltspunkte einer Rechtsverletzung nicht zumutbar. Bei Bekanntwerden von Rechtsverletzungen werde ich derartige Links umgehend entfernen<\/p><p style=\"margin-bottom: 5px; font-style: normal; font-variant-caps: normal; font-stretch: normal; font-size: 13px; line-height: normal; font-family: Helvetica; color: rgb(40, 52, 60); min-height: 16px;\"><b>&nbsp;<\/b><\/p><p style=\"margin-bottom: 5px; font-style: normal; font-variant-caps: normal; font-stretch: normal; font-size: 13px; line-height: normal; font-family: Helvetica; color: rgb(40, 52, 60);\"><b>Kontaktformular<\/b><\/p><p style=\"margin-bottom: 5px; font-style: normal; font-variant-caps: normal; font-stretch: normal; font-size: 13px; line-height: normal; font-family: Helvetica; color: rgb(40, 52, 60);\">Wenn Sie mir per Kontaktformular eine Anfrage zukommen lassen, werden Ihre Angaben aus dem Anfrageformular, inklusive der von Ihnen dort angegebenen Kontaktdaten zwecks Bearbeitung der Anfrage, bei mir gespeichert. Diese Daten werden nicht an Dritte weitergegeben.<\/p><p style=\"margin-bottom: 5px; font-style: normal; font-variant-caps: normal; font-stretch: normal; font-size: 13px; line-height: normal; font-family: Helvetica; color: rgb(40, 52, 60); min-height: 16px;\"><b>&nbsp;<\/b><\/p><p style=\"margin-bottom: 5px; font-style: normal; font-variant-caps: normal; font-stretch: normal; font-size: 13px; line-height: normal; font-family: Helvetica; color: rgb(40, 52, 60);\"><b>Urheberrecht<\/b><\/p><p style=\"margin-bottom: 5px; font-style: normal; font-variant-caps: normal; font-stretch: normal; font-size: 13px; line-height: normal; font-family: Helvetica; color: rgb(40, 52, 60);\">Ich bin bem\u00fcht, stets die Urheberrechte anderer zu beachten bzw. auf selbst erstellte sowie lizenzfreie Werke zur\u00fcckzugreifen. Die durch mich erstellten Inhalte und Werke auf meiner Seite unterliegen dem deutschen Urheberrecht. Etwaige Beitr\u00e4ge Dritter sind als solche gekennzeichnet. Die Vervielf\u00e4ltigung, Bearbeitung, Verbreitung und jede Art der Verwertung au\u00dferhalb der Grenzen des Urheberrechtes bed\u00fcrfen der schriftlichen Zustimmung des jeweiligen Autors bzw. Erstellers. Downloads und Kopien dieser Seite sind nur f\u00fcr den privaten, nicht f\u00fcr den kommerziellen Gebrauch gestattet.<\/p><p style=\"margin-bottom: 5px; font-style: normal; font-variant-caps: normal; font-stretch: normal; font-size: 13px; line-height: normal; font-family: Helvetica; color: rgb(40, 52, 60); min-height: 16px;\"><b>&nbsp;<\/b><\/p><p style=\"margin-bottom: 5px; font-style: normal; font-variant-caps: normal; font-stretch: normal; font-size: 13px; line-height: normal; font-family: Helvetica; color: rgb(40, 52, 60);\"><b>Datenschutz<\/b><\/p><p style=\"margin-bottom: 5px; font-style: normal; font-variant-caps: normal; font-stretch: normal; font-size: 13px; line-height: normal; font-family: Helvetica; color: rgb(40, 52, 60);\">Der Nutzung meiner im Rahmen der Impressum-Pflicht ver\u00f6ffentlichten Kontaktdaten durch Dritte zur \u00dcbersendung von nicht ausdr\u00fccklich angeforderter Werbung und Informationsmaterialien widerspreche ich hiermit ausdr\u00fccklich. Ich behalte mir rechtliche Schritte im Falle der unverlangten Zusendung von Werbeinformationen, etwa durch Spam-Mails, vor.<\/p>\t\t\t\t\t\t<\/div>\n\t\t\t\t<\/div>\n\t\t\t\t\t<\/div>\n\t\t<\/div>\n\t\t\t\t\t<\/div>\n\t\t<\/section>\n\t\t\t\t<section class=\"elementor-section elementor-top-section elementor-element elementor-element-19343daa elementor-section-boxed elementor-section-height-default elementor-section-height-default\" data-id=\"19343daa\" data-element_type=\"section\" data-settings=\"{&quot;background_background&quot;:&quot;classic&quot;}\">\n\t\t\t\t\t\t\t<div class=\"elementor-background-overlay\"><\/div>\n\t\t\t\t\t\t\t<div class=\"elementor-container elementor-column-gap-default\">\n\t\t\t\t\t<div class=\"elementor-column elementor-col-100 elementor-top-column elementor-element elementor-element-7039d752\" data-id=\"7039d752\" data-element_type=\"column\">\n\t\t\t<div class=\"elementor-widget-wrap elementor-element-populated\">\n\t\t\t\t\t\t<div class=\"elementor-element elementor-element-34ee56d3 elementor-widget elementor-widget-text-editor\" data-id=\"34ee56d3\" data-element_type=\"widget\" data-widget_type=\"text-editor.default\">\n\t\t\t\t<div class=\"elementor-widget-container\">\n\t\t\t\t\t\t\t<h6 style=\"font-variant-caps: normal; font-family: Roboto, sans-serif; font-style: normal; text-align: center;\"><span style=\"color: #ffffff;\"><span style=\"font-size: 11px;\">Christina Schmidt \/\u00a0<\/span><span style=\"font-size: 11px;\">Heilpraktikerin,\u00a0<\/span><span style=\"font-size: 11px;\">Grandweg 111,\u00a0<\/span><span style=\"font-size: 11px;\">22529 Hamburg<\/span><\/span><\/h6>\n<h5 style=\"font-variant-caps: normal; font-family: Roboto, sans-serif; font-style: normal; text-align: center;\"><span style=\"color: #ffffff;\"><span style=\"font-size: 11px;\">info@heilpraktikerpraxis-hh.de<\/span><\/span><\/h5>\n<h6 style=\"font-variant-caps: normal; font-family: Roboto, sans-serif; font-style: normal; text-align: center;\"><span style=\"color: #ffffff; font-size: 11px;\">www.heilpraktikerpraxis-hh.de<\/span><\/h6>\t\t\t\t\t\t<\/div>\n\t\t\t\t<\/div>\n\t\t\t\t\t<\/div>\n\t\t<\/div>\n\t\t\t\t\t<\/div>\n\t\t<\/section>\n\t\t\t\t<\/div>\n\t\t","protected":false},"excerpt":{"rendered":"<p>Heilpraktiker-HH Impessum Angaben gem\u00e4\u00df TMG, verantwortlich f\u00fcr diese Webseite Christina Schmidt Heilpraktikerin Grandweg 111 22529 Hamburg Telefon: 0151 59227001 Email: info@heilpraktikerpraxis-hh.de www.heilpraktikerpraxis-hh.de &nbsp; Mitglied im Fachverband Deutscher Heilpraktiker FDH &#8211; Landesverband Hamburg e.V. (Mitgliedsnummer: 24378) Zulassung Die Erlaubnis zur berufsm\u00e4\u00dfigen Aus\u00fcbung der Heilkunde ohne Bestallung gem\u00e4\u00df \u00a7 1 Abs. 1 des Gesetzes \u00fcber die berufsm\u00e4\u00dfige [&hellip;]<\/p>\n","protected":false},"author":1,"featured_media":0,"parent":0,"menu_order":0,"comment_status":"closed","ping_status":"closed","template":"","meta":{"ocean_post_layout":"full-screen","ocean_both_sidebars_style":"","ocean_both_sidebars_content_width":0,"ocean_both_sidebars_sidebars_width":0,"ocean_sidebar":"0","ocean_second_sidebar":"0","ocean_disable_margins":"enable","ocean_add_body_class":"","ocean_shortcode_before_top_bar":"","ocean_shortcode_after_top_bar":"","ocean_shortcode_before_header":"","ocean_shortcode_after_header":"","ocean_has_shortcode":"","ocean_shortcode_after_title":"","ocean_shortcode_before_footer_widgets":"","ocean_shortcode_after_footer_widgets":"","ocean_shortcode_before_footer_bottom":"","ocean_shortcode_after_footer_bottom":"","ocean_display_top_bar":"off","ocean_display_header":"on","ocean_header_style":"center","ocean_center_header_left_menu":"0","ocean_custom_header_template":"0","ocean_custom_logo":0,"ocean_custom_retina_logo":0,"ocean_custom_logo_max_width":0,"ocean_custom_logo_tablet_max_width":0,"ocean_custom_logo_mobile_max_width":0,"ocean_custom_logo_max_height":0,"ocean_custom_logo_tablet_max_height":0,"ocean_custom_logo_mobile_max_height":0,"ocean_header_custom_menu":"0","ocean_menu_typo_font_family":"0","ocean_menu_typo_font_subset":"","ocean_menu_typo_font_size":0,"ocean_menu_typo_font_size_tablet":0,"ocean_menu_typo_font_size_mobile":0,"ocean_menu_typo_font_size_unit":"px","ocean_menu_typo_font_weight":"","ocean_menu_typo_font_weight_tablet":"","ocean_menu_typo_font_weight_mobile":"","ocean_menu_typo_transform":"","ocean_menu_typo_transform_tablet":"","ocean_menu_typo_transform_mobile":"","ocean_menu_typo_line_height":0,"ocean_menu_typo_line_height_tablet":0,"ocean_menu_typo_line_height_mobile":0,"ocean_menu_typo_line_height_unit":"","ocean_menu_typo_spacing":0,"ocean_menu_typo_spacing_tablet":0,"ocean_menu_typo_spacing_mobile":0,"ocean_menu_typo_spacing_unit":"","ocean_menu_link_color":"","ocean_menu_link_color_hover":"","ocean_menu_link_color_active":"","ocean_menu_link_background":"","ocean_menu_link_hover_background":"","ocean_menu_link_active_background":"","ocean_menu_social_links_bg":"","ocean_menu_social_hover_links_bg":"","ocean_menu_social_links_color":"","ocean_menu_social_hover_links_color":"","ocean_disable_title":"on","ocean_disable_heading":"default","ocean_post_title":"","ocean_post_subheading":"","ocean_post_title_style":"","ocean_post_title_background_color":"","ocean_post_title_background":0,"ocean_post_title_bg_image_position":"","ocean_post_title_bg_image_attachment":"","ocean_post_title_bg_image_repeat":"","ocean_post_title_bg_image_size":"","ocean_post_title_height":0,"ocean_post_title_bg_overlay":0.5,"ocean_post_title_bg_overlay_color":"","ocean_disable_breadcrumbs":"default","ocean_breadcrumbs_color":"","ocean_breadcrumbs_separator_color":"","ocean_breadcrumbs_links_color":"","ocean_breadcrumbs_links_hover_color":"","ocean_display_footer_widgets":"default","ocean_display_footer_bottom":"default","ocean_custom_footer_template":"0"},"yoast_head":"<!-- This site is optimized with the Yoast SEO plugin v21.8.1 - https:\/\/yoast.com\/wordpress\/plugins\/seo\/ -->\n<title>Impressum - Heilpraktiker Praxis Christina Schmidt<\/title>\n<meta name=\"robots\" content=\"index, follow, max-snippet:-1, max-image-preview:large, max-video-preview:-1\" \/>\n<link rel=\"canonical\" href=\"https:\/\/heilpraktikerpraxis-hh.de\/?page_id=1211\" \/>\n<meta property=\"og:locale\" content=\"de_DE\" \/>\n<meta property=\"og:type\" content=\"article\" \/>\n<meta property=\"og:title\" content=\"Impressum - Heilpraktiker Praxis Christina Schmidt\" \/>\n<meta property=\"og:description\" content=\"Heilpraktiker-HH Impessum Angaben gem\u00e4\u00df TMG, verantwortlich f\u00fcr diese Webseite Christina Schmidt Heilpraktikerin Grandweg 111 22529 Hamburg Telefon: 0151 59227001 Email: info@heilpraktikerpraxis-hh.de www.heilpraktikerpraxis-hh.de &nbsp; Mitglied im Fachverband Deutscher Heilpraktiker FDH &#8211; Landesverband Hamburg e.V. (Mitgliedsnummer: 24378) Zulassung Die Erlaubnis zur berufsm\u00e4\u00dfigen Aus\u00fcbung der Heilkunde ohne Bestallung gem\u00e4\u00df \u00a7 1 Abs. 1 des Gesetzes \u00fcber die berufsm\u00e4\u00dfige [&hellip;]\" \/>\n<meta property=\"og:url\" content=\"https:\/\/heilpraktikerpraxis-hh.de\/?page_id=1211\" \/>\n<meta property=\"og:site_name\" content=\"Heilpraktiker Praxis Christina Schmidt\" \/>\n<meta property=\"article:modified_time\" content=\"2023-10-07T14:10:24+00:00\" \/>\n<meta name=\"twitter:card\" content=\"summary_large_image\" \/>\n<meta name=\"twitter:label1\" content=\"Gesch\u00e4tzte Lesezeit\" \/>\n\t<meta name=\"twitter:data1\" content=\"3 Minuten\" \/>\n<script type=\"application\/ld+json\" class=\"yoast-schema-graph\">{\"@context\":\"https:\/\/schema.org\",\"@graph\":[{\"@type\":\"WebPage\",\"@id\":\"https:\/\/heilpraktikerpraxis-hh.de\/?page_id=1211\",\"url\":\"https:\/\/heilpraktikerpraxis-hh.de\/?page_id=1211\",\"name\":\"Impressum - Heilpraktiker Praxis Christina Schmidt\",\"isPartOf\":{\"@id\":\"https:\/\/heilpraktikerpraxis-hh.de\/#website\"},\"datePublished\":\"2023-10-07T14:09:22+00:00\",\"dateModified\":\"2023-10-07T14:10:24+00:00\",\"breadcrumb\":{\"@id\":\"https:\/\/heilpraktikerpraxis-hh.de\/?page_id=1211#breadcrumb\"},\"inLanguage\":\"de-DE\",\"potentialAction\":[{\"@type\":\"ReadAction\",\"target\":[\"https:\/\/heilpraktikerpraxis-hh.de\/?page_id=1211\"]}]},{\"@type\":\"BreadcrumbList\",\"@id\":\"https:\/\/heilpraktikerpraxis-hh.de\/?page_id=1211#breadcrumb\",\"itemListElement\":[{\"@type\":\"ListItem\",\"position\":1,\"name\":\"Startseite\",\"item\":\"https:\/\/heilpraktikerpraxis-hh.de\/\"},{\"@type\":\"ListItem\",\"position\":2,\"name\":\"Impressum\"}]},{\"@type\":\"WebSite\",\"@id\":\"https:\/\/heilpraktikerpraxis-hh.de\/#website\",\"url\":\"https:\/\/heilpraktikerpraxis-hh.de\/\",\"name\":\"Heilpraktiker Praxis Christina Schmidt\",\"description\":\"Ihre Heilpraktikerin in Hamburg Lokstedt\",\"publisher\":{\"@id\":\"https:\/\/heilpraktikerpraxis-hh.de\/#organization\"},\"potentialAction\":[{\"@type\":\"SearchAction\",\"target\":{\"@type\":\"EntryPoint\",\"urlTemplate\":\"https:\/\/heilpraktikerpraxis-hh.de\/?s={search_term_string}\"},\"query-input\":\"required name=search_term_string\"}],\"inLanguage\":\"de-DE\"},{\"@type\":\"Organization\",\"@id\":\"https:\/\/heilpraktikerpraxis-hh.de\/#organization\",\"name\":\"Heilpraktiker Praxis Christina Schmidt\",\"url\":\"https:\/\/heilpraktikerpraxis-hh.de\/\",\"logo\":{\"@type\":\"ImageObject\",\"inLanguage\":\"de-DE\",\"@id\":\"https:\/\/heilpraktikerpraxis-hh.de\/#\/schema\/logo\/image\/\",\"url\":\"https:\/\/heilpraktikerpraxis-hh.de\/wp-content\/uploads\/2024\/03\/cropped-CS_Logo.png\",\"contentUrl\":\"https:\/\/heilpraktikerpraxis-hh.de\/wp-content\/uploads\/2024\/03\/cropped-CS_Logo.png\",\"width\":2411,\"height\":853,\"caption\":\"Heilpraktiker Praxis Christina Schmidt\"},\"image\":{\"@id\":\"https:\/\/heilpraktikerpraxis-hh.de\/#\/schema\/logo\/image\/\"}}]}<\/script>\n<!-- \/ Yoast SEO plugin. -->","yoast_head_json":{"title":"Impressum - Heilpraktiker Praxis Christina Schmidt","robots":{"index":"index","follow":"follow","max-snippet":"max-snippet:-1","max-image-preview":"max-image-preview:large","max-video-preview":"max-video-preview:-1"},"canonical":"https:\/\/heilpraktikerpraxis-hh.de\/?page_id=1211","og_locale":"de_DE","og_type":"article","og_title":"Impressum - Heilpraktiker Praxis Christina Schmidt","og_description":"Heilpraktiker-HH Impessum Angaben gem\u00e4\u00df TMG, verantwortlich f\u00fcr diese Webseite Christina Schmidt Heilpraktikerin Grandweg 111 22529 Hamburg Telefon: 0151 59227001 Email: info@heilpraktikerpraxis-hh.de www.heilpraktikerpraxis-hh.de &nbsp; Mitglied im Fachverband Deutscher Heilpraktiker FDH &#8211; Landesverband Hamburg e.V. (Mitgliedsnummer: 24378) Zulassung Die Erlaubnis zur berufsm\u00e4\u00dfigen Aus\u00fcbung der Heilkunde ohne Bestallung gem\u00e4\u00df \u00a7 1 Abs. 1 des Gesetzes \u00fcber die berufsm\u00e4\u00dfige [&hellip;]","og_url":"https:\/\/heilpraktikerpraxis-hh.de\/?page_id=1211","og_site_name":"Heilpraktiker Praxis Christina Schmidt","article_modified_time":"2023-10-07T14:10:24+00:00","twitter_card":"summary_large_image","twitter_misc":{"Gesch\u00e4tzte Lesezeit":"3 Minuten"},"schema":{"@context":"https:\/\/schema.org","@graph":[{"@type":"WebPage","@id":"https:\/\/heilpraktikerpraxis-hh.de\/?page_id=1211","url":"https:\/\/heilpraktikerpraxis-hh.de\/?page_id=1211","name":"Impressum - Heilpraktiker Praxis Christina Schmidt","isPartOf":{"@id":"https:\/\/heilpraktikerpraxis-hh.de\/#website"},"datePublished":"2023-10-07T14:09:22+00:00","dateModified":"2023-10-07T14:10:24+00:00","breadcrumb":{"@id":"https:\/\/heilpraktikerpraxis-hh.de\/?page_id=1211#breadcrumb"},"inLanguage":"de-DE","potentialAction":[{"@type":"ReadAction","target":["https:\/\/heilpraktikerpraxis-hh.de\/?page_id=1211"]}]},{"@type":"BreadcrumbList","@id":"https:\/\/heilpraktikerpraxis-hh.de\/?page_id=1211#breadcrumb","itemListElement":[{"@type":"ListItem","position":1,"name":"Startseite","item":"https:\/\/heilpraktikerpraxis-hh.de\/"},{"@type":"ListItem","position":2,"name":"Impressum"}]},{"@type":"WebSite","@id":"https:\/\/heilpraktikerpraxis-hh.de\/#website","url":"https:\/\/heilpraktikerpraxis-hh.de\/","name":"Heilpraktiker Praxis Christina Schmidt","description":"Ihre Heilpraktikerin in Hamburg Lokstedt","publisher":{"@id":"https:\/\/heilpraktikerpraxis-hh.de\/#organization"},"potentialAction":[{"@type":"SearchAction","target":{"@type":"EntryPoint","urlTemplate":"https:\/\/heilpraktikerpraxis-hh.de\/?s={search_term_string}"},"query-input":"required name=search_term_string"}],"inLanguage":"de-DE"},{"@type":"Organization","@id":"https:\/\/heilpraktikerpraxis-hh.de\/#organization","name":"Heilpraktiker Praxis Christina Schmidt","url":"https:\/\/heilpraktikerpraxis-hh.de\/","logo":{"@type":"ImageObject","inLanguage":"de-DE","@id":"https:\/\/heilpraktikerpraxis-hh.de\/#\/schema\/logo\/image\/","url":"https:\/\/heilpraktikerpraxis-hh.de\/wp-content\/uploads\/2024\/03\/cropped-CS_Logo.png","contentUrl":"https:\/\/heilpraktikerpraxis-hh.de\/wp-content\/uploads\/2024\/03\/cropped-CS_Logo.png","width":2411,"height":853,"caption":"Heilpraktiker Praxis Christina Schmidt"},"image":{"@id":"https:\/\/heilpraktikerpraxis-hh.de\/#\/schema\/logo\/image\/"}}]}},"_links":{"self":[{"href":"https:\/\/heilpraktikerpraxis-hh.de\/index.php?rest_route=\/wp\/v2\/pages\/1211"}],"collection":[{"href":"https:\/\/heilpraktikerpraxis-hh.de\/index.php?rest_route=\/wp\/v2\/pages"}],"about":[{"href":"https:\/\/heilpraktikerpraxis-hh.de\/index.php?rest_route=\/wp\/v2\/types\/page"}],"author":[{"embeddable":true,"href":"https:\/\/heilpraktikerpraxis-hh.de\/index.php?rest_route=\/wp\/v2\/users\/1"}],"replies":[{"embeddable":true,"href":"https:\/\/heilpraktikerpraxis-hh.de\/index.php?rest_route=%2Fwp%2Fv2%2Fcomments&post=1211"}],"version-history":[{"count":5,"href":"https:\/\/heilpraktikerpraxis-hh.de\/index.php?rest_route=\/wp\/v2\/pages\/1211\/revisions"}],"predecessor-version":[{"id":1216,"href":"https:\/\/heilpraktikerpraxis-hh.de\/index.php?rest_route=\/wp\/v2\/pages\/1211\/revisions\/1216"}],"wp:attachment":[{"href":"https:\/\/heilpraktikerpraxis-hh.de\/index.php?rest_route=%2Fwp%2Fv2%2Fmedia&parent=1211"}],"curies":[{"name":"wp","href":"https:\/\/api.w.org\/{rel}","templated":true}]}}