{"id":1510,"date":"2024-04-19T15:26:24","date_gmt":"2024-04-19T15:26:24","guid":{"rendered":"https:\/\/heilpraktikerpraxis-hh.de\/?page_id=1510"},"modified":"2024-04-20T14:38:39","modified_gmt":"2024-04-20T14:38:39","slug":"milta-pod","status":"publish","type":"page","link":"https:\/\/heilpraktikerpraxis-hh.de\/?page_id=1510","title":{"rendered":"Milta Pod"},"content":{"rendered":"\t\t<div data-elementor-type=\"wp-post\" data-elementor-id=\"1510\" class=\"elementor elementor-1510\">\n\t\t\t\t\t\t<header class=\"elementor-section elementor-top-section elementor-element elementor-element-1fc14430 elementor-section-height-min-height elementor-section-full_width elementor-section-height-default elementor-section-items-middle\" data-id=\"1fc14430\" data-element_type=\"section\" data-settings=\"{&quot;background_background&quot;:&quot;classic&quot;}\">\n\t\t\t\t\t\t\t<div class=\"elementor-background-overlay\"><\/div>\n\t\t\t\t\t\t\t<div class=\"elementor-container elementor-column-gap-default\">\n\t\t\t\t\t<div class=\"elementor-column elementor-col-100 elementor-top-column elementor-element elementor-element-128e2056\" data-id=\"128e2056\" data-element_type=\"column\">\n\t\t\t<div class=\"elementor-widget-wrap elementor-element-populated\">\n\t\t\t\t\t\t<div class=\"elementor-element elementor-element-369a016 elementor-invisible elementor-widget elementor-widget-heading\" data-id=\"369a016\" data-element_type=\"widget\" data-settings=\"{&quot;_animation&quot;:&quot;fadeInLeft&quot;,&quot;_animation_delay&quot;:700}\" data-widget_type=\"heading.default\">\n\t\t\t\t<div class=\"elementor-widget-container\">\n\t\t\t<style>\/*! elementor - v3.23.0 - 05-08-2024 *\/\n.elementor-heading-title{padding:0;margin:0;line-height:1}.elementor-widget-heading .elementor-heading-title[class*=elementor-size-]>a{color:inherit;font-size:inherit;line-height:inherit}.elementor-widget-heading .elementor-heading-title.elementor-size-small{font-size:15px}.elementor-widget-heading .elementor-heading-title.elementor-size-medium{font-size:19px}.elementor-widget-heading .elementor-heading-title.elementor-size-large{font-size:29px}.elementor-widget-heading .elementor-heading-title.elementor-size-xl{font-size:39px}.elementor-widget-heading .elementor-heading-title.elementor-size-xxl{font-size:59px}<\/style><h3 class=\"elementor-heading-title elementor-size-default\">Ganzheitliche medizin<\/h3>\t\t<\/div>\n\t\t\t\t<\/div>\n\t\t\t\t<div class=\"elementor-element elementor-element-7a50ecc6 elementor-invisible elementor-widget elementor-widget-heading\" data-id=\"7a50ecc6\" data-element_type=\"widget\" data-settings=\"{&quot;_animation&quot;:&quot;fadeInLeft&quot;,&quot;_animation_delay&quot;:500}\" data-widget_type=\"heading.default\">\n\t\t\t\t<div class=\"elementor-widget-container\">\n\t\t\t<h1 class=\"elementor-heading-title elementor-size-default\">Milta Pod<\/h1>\t\t<\/div>\n\t\t\t\t<\/div>\n\t\t\t\t<div class=\"elementor-element elementor-element-78693e04 elementor-invisible elementor-widget elementor-widget-text-editor\" data-id=\"78693e04\" data-element_type=\"widget\" data-settings=\"{&quot;_animation&quot;:&quot;fadeInLeft&quot;,&quot;_animation_delay&quot;:300}\" data-widget_type=\"text-editor.default\">\n\t\t\t\t<div class=\"elementor-widget-container\">\n\t\t\t<style>\/*! elementor - v3.23.0 - 05-08-2024 *\/\n.elementor-widget-text-editor.elementor-drop-cap-view-stacked .elementor-drop-cap{background-color:#69727d;color:#fff}.elementor-widget-text-editor.elementor-drop-cap-view-framed .elementor-drop-cap{color:#69727d;border:3px solid;background-color:transparent}.elementor-widget-text-editor:not(.elementor-drop-cap-view-default) .elementor-drop-cap{margin-top:8px}.elementor-widget-text-editor:not(.elementor-drop-cap-view-default) .elementor-drop-cap-letter{width:1em;height:1em}.elementor-widget-text-editor .elementor-drop-cap{float:left;text-align:center;line-height:1;font-size:50px}.elementor-widget-text-editor .elementor-drop-cap-letter{display:inline-block}<\/style>\t\t\t\t<p><b>Die Heilpraktiker-Praxis in HAMBURG LOKSTEDT<\/b><\/p>\t\t\t\t\t\t<\/div>\n\t\t\t\t<\/div>\n\t\t\t\t\t<\/div>\n\t\t<\/div>\n\t\t\t\t\t<\/div>\n\t\t<\/header>\n\t\t\t\t<section class=\"elementor-section elementor-top-section elementor-element elementor-element-6098aac5 elementor-section-boxed elementor-section-height-default elementor-section-height-default\" data-id=\"6098aac5\" data-element_type=\"section\" data-settings=\"{&quot;background_background&quot;:&quot;classic&quot;}\">\n\t\t\t\t\t\t<div class=\"elementor-container elementor-column-gap-default\">\n\t\t\t\t\t<div class=\"elementor-column elementor-col-100 elementor-top-column elementor-element elementor-element-55c8bf76\" data-id=\"55c8bf76\" data-element_type=\"column\">\n\t\t\t<div class=\"elementor-widget-wrap elementor-element-populated\">\n\t\t\t\t\t\t<section class=\"elementor-section elementor-inner-section elementor-element elementor-element-61c4451e elementor-section-boxed elementor-section-height-default elementor-section-height-default\" data-id=\"61c4451e\" data-element_type=\"section\">\n\t\t\t\t\t\t<div class=\"elementor-container elementor-column-gap-no\">\n\t\t\t\t\t<div class=\"elementor-column elementor-col-50 elementor-inner-column elementor-element elementor-element-4a84e9cd elementor-invisible\" data-id=\"4a84e9cd\" data-element_type=\"column\" data-settings=\"{&quot;animation&quot;:&quot;fadeInLeft&quot;,&quot;animation_delay&quot;:1000}\">\n\t\t\t<div class=\"elementor-widget-wrap elementor-element-populated\">\n\t\t\t\t\t\t<div class=\"elementor-element elementor-element-7da742c3 elementor-widget__width-initial elementor-widget elementor-widget-image\" data-id=\"7da742c3\" data-element_type=\"widget\" data-widget_type=\"image.default\">\n\t\t\t\t<div class=\"elementor-widget-container\">\n\t\t\t<style>\/*! elementor - v3.23.0 - 05-08-2024 *\/\n.elementor-widget-image{text-align:center}.elementor-widget-image a{display:inline-block}.elementor-widget-image a img[src$=\".svg\"]{width:48px}.elementor-widget-image img{vertical-align:middle;display:inline-block}<\/style>\t\t\t\t\t\t\t\t\t\t<img fetchpriority=\"high\" decoding=\"async\" width=\"1024\" height=\"929\" src=\"https:\/\/heilpraktikerpraxis-hh.de\/wp-content\/uploads\/2024\/04\/IMG_8218-1-1024x929.jpg\" class=\"attachment-large size-large wp-image-1502\" alt=\"\" srcset=\"https:\/\/heilpraktikerpraxis-hh.de\/wp-content\/uploads\/2024\/04\/IMG_8218-1-1024x929.jpg 1024w, https:\/\/heilpraktikerpraxis-hh.de\/wp-content\/uploads\/2024\/04\/IMG_8218-1-300x272.jpg 300w, https:\/\/heilpraktikerpraxis-hh.de\/wp-content\/uploads\/2024\/04\/IMG_8218-1-768x697.jpg 768w, https:\/\/heilpraktikerpraxis-hh.de\/wp-content\/uploads\/2024\/04\/IMG_8218-1-1536x1393.jpg 1536w, https:\/\/heilpraktikerpraxis-hh.de\/wp-content\/uploads\/2024\/04\/IMG_8218-1-2048x1858.jpg 2048w\" sizes=\"(max-width: 1024px) 100vw, 1024px\" \/>\t\t\t\t\t\t\t\t\t\t\t\t\t<\/div>\n\t\t\t\t<\/div>\n\t\t\t\t<div class=\"elementor-element elementor-element-763b656d elementor-widget elementor-widget-heading\" data-id=\"763b656d\" data-element_type=\"widget\" data-widget_type=\"heading.default\">\n\t\t\t\t<div class=\"elementor-widget-container\">\n\t\t\t<h3 class=\"elementor-heading-title elementor-size-default\"><a href=\"#\">Licht ist Lebensnotwendig <\/a><\/h3>\t\t<\/div>\n\t\t\t\t<\/div>\n\t\t\t\t<div class=\"elementor-element elementor-element-32f57e elementor-widget elementor-widget-text-editor\" data-id=\"32f57e\" data-element_type=\"widget\" data-widget_type=\"text-editor.default\">\n\t\t\t\t<div class=\"elementor-widget-container\">\n\t\t\t\t\t\t\t<p>Jede lebende Zelle \u2013 egal ob menschlich, tierisch oder pflanzlich \u2013 gibt pro Sekunde \u00fcber 100\u2019000 Lichtimpulse ab. Erst mit dem Tod endet dieser Lichtaussto\u00df. Diese Lichtschwingungen oder Lichtteilchen (Photonen) sind f\u00fcr alle biochemischen Vorg\u00e4nge verantwortlich, was in den sp\u00e4ten Siebzigerjahren durch den deutschen Professor Dr. Popp wissenschaftlich nachgewiesen werden konnte. Die Milta-Therapie bewirkt durch photo-physische wie auch photochemische Reaktionen u.a. eine verbesserte Energieproduktion der Zellen und eine Optimierung der Membranspannung, was essenziell ist f\u00fcr eine ad\u00e4quate Zellkommunikation. Dies erkl\u00e4rt, warum die Regulations- und Regenerationsf\u00e4higkeit der Zellen und alle biologischen Prozesse stark stimuliert werden und weshalb MILTA f\u00fcr so ein breites Spektrum von Beschwerden und Funktionsst\u00f6rungen eingesetzt werden kann.<\/p>\t\t\t\t\t\t<\/div>\n\t\t\t\t<\/div>\n\t\t\t\t\t<\/div>\n\t\t<\/div>\n\t\t\t\t<div class=\"elementor-column elementor-col-50 elementor-inner-column elementor-element elementor-element-4240f1bc elementor-invisible\" data-id=\"4240f1bc\" data-element_type=\"column\" data-settings=\"{&quot;animation&quot;:&quot;fadeInUp&quot;,&quot;animation_delay&quot;:1000}\">\n\t\t\t<div class=\"elementor-widget-wrap elementor-element-populated\">\n\t\t\t\t\t\t<div class=\"elementor-element elementor-element-20850b62 elementor-widget__width-initial elementor-widget elementor-widget-image\" data-id=\"20850b62\" data-element_type=\"widget\" data-widget_type=\"image.default\">\n\t\t\t\t<div class=\"elementor-widget-container\">\n\t\t\t\t\t\t\t\t\t\t\t\t\t<img decoding=\"async\" width=\"544\" height=\"423\" src=\"https:\/\/heilpraktikerpraxis-hh.de\/wp-content\/uploads\/2024\/04\/Milta-Logo1.png\" class=\"attachment-large size-large wp-image-1543\" alt=\"\" srcset=\"https:\/\/heilpraktikerpraxis-hh.de\/wp-content\/uploads\/2024\/04\/Milta-Logo1.png 544w, https:\/\/heilpraktikerpraxis-hh.de\/wp-content\/uploads\/2024\/04\/Milta-Logo1-300x233.png 300w\" sizes=\"(max-width: 544px) 100vw, 544px\" \/>\t\t\t\t\t\t\t\t\t\t\t\t\t<\/div>\n\t\t\t\t<\/div>\n\t\t\t\t<div class=\"elementor-element elementor-element-55fc6fc4 elementor-widget elementor-widget-heading\" data-id=\"55fc6fc4\" data-element_type=\"widget\" data-widget_type=\"heading.default\">\n\t\t\t\t<div class=\"elementor-widget-container\">\n\t\t\t<h3 class=\"elementor-heading-title elementor-size-default\"><a href=\"#\">Licht-Therapie f\u00fcr ein breites Spektrum von Anwendungsbereichen <\/a><\/h3>\t\t<\/div>\n\t\t\t\t<\/div>\n\t\t\t\t<div class=\"elementor-element elementor-element-4d1ba264 elementor-widget__width-initial elementor-widget elementor-widget-text-editor\" data-id=\"4d1ba264\" data-element_type=\"widget\" data-widget_type=\"text-editor.default\">\n\t\t\t\t<div class=\"elementor-widget-container\">\n\t\t\t\t\t\t\t<p>Die Milta-Therapie stellt eine hervorragende Erg\u00e4nzung dar, um Risiken von Komplikationen zu begrenzen und die Genesung zu verbessern. Auch wenn man als Therapeut kaum eine Therapie starten kann \u2013 beispielsweise aufgrund einer hohen Schmerzempfindlichkeit oder starken Entz\u00fcndungen \u2013 kann Milta diesen Zugang f\u00fcr die notwendigen therapeutischen Ma\u00dfnahmen verschaffen.<\/p>\t\t\t\t\t\t<\/div>\n\t\t\t\t<\/div>\n\t\t\t\t\t<\/div>\n\t\t<\/div>\n\t\t\t\t\t<\/div>\n\t\t<\/section>\n\t\t\t\t\t<\/div>\n\t\t<\/div>\n\t\t\t\t\t<\/div>\n\t\t<\/section>\n\t\t\t\t<\/div>\n\t\t","protected":false},"excerpt":{"rendered":"<p>Ganzheitliche medizin Milta Pod Die Heilpraktiker-Praxis in HAMBURG LOKSTEDT Licht ist Lebensnotwendig Jede lebende Zelle \u2013 egal ob menschlich, tierisch oder pflanzlich \u2013 gibt pro Sekunde \u00fcber 100\u2019000 Lichtimpulse ab. Erst mit dem Tod endet dieser Lichtaussto\u00df. Diese Lichtschwingungen oder Lichtteilchen (Photonen) sind f\u00fcr alle biochemischen Vorg\u00e4nge verantwortlich, was in den sp\u00e4ten Siebzigerjahren durch den [&hellip;]<\/p>\n","protected":false},"author":1,"featured_media":0,"parent":0,"menu_order":0,"comment_status":"closed","ping_status":"closed","template":"","meta":{"ocean_post_layout":"full-screen","ocean_both_sidebars_style":"","ocean_both_sidebars_content_width":0,"ocean_both_sidebars_sidebars_width":0,"ocean_sidebar":"0","ocean_second_sidebar":"0","ocean_disable_margins":"enable","ocean_add_body_class":"","ocean_shortcode_before_top_bar":"","ocean_shortcode_after_top_bar":"","ocean_shortcode_before_header":"","ocean_shortcode_after_header":"","ocean_has_shortcode":"","ocean_shortcode_after_title":"","ocean_shortcode_before_footer_widgets":"","ocean_shortcode_after_footer_widgets":"","ocean_shortcode_before_footer_bottom":"","ocean_shortcode_after_footer_bottom":"","ocean_display_top_bar":"off","ocean_display_header":"on","ocean_header_style":"center","ocean_center_header_left_menu":"0","ocean_custom_header_template":"0","ocean_custom_logo":0,"ocean_custom_retina_logo":0,"ocean_custom_logo_max_width":0,"ocean_custom_logo_tablet_max_width":0,"ocean_custom_logo_mobile_max_width":0,"ocean_custom_logo_max_height":0,"ocean_custom_logo_tablet_max_height":0,"ocean_custom_logo_mobile_max_height":0,"ocean_header_custom_menu":"0","ocean_menu_typo_font_family":"0","ocean_menu_typo_font_subset":"","ocean_menu_typo_font_size":0,"ocean_menu_typo_font_size_tablet":0,"ocean_menu_typo_font_size_mobile":0,"ocean_menu_typo_font_size_unit":"px","ocean_menu_typo_font_weight":"","ocean_menu_typo_font_weight_tablet":"","ocean_menu_typo_font_weight_mobile":"","ocean_menu_typo_transform":"","ocean_menu_typo_transform_tablet":"","ocean_menu_typo_transform_mobile":"","ocean_menu_typo_line_height":0,"ocean_menu_typo_line_height_tablet":0,"ocean_menu_typo_line_height_mobile":0,"ocean_menu_typo_line_height_unit":"","ocean_menu_typo_spacing":0,"ocean_menu_typo_spacing_tablet":0,"ocean_menu_typo_spacing_mobile":0,"ocean_menu_typo_spacing_unit":"","ocean_menu_link_color":"","ocean_menu_link_color_hover":"","ocean_menu_link_color_active":"","ocean_menu_link_background":"","ocean_menu_link_hover_background":"","ocean_menu_link_active_background":"","ocean_menu_social_links_bg":"","ocean_menu_social_hover_links_bg":"","ocean_menu_social_links_color":"","ocean_menu_social_hover_links_color":"","ocean_disable_title":"on","ocean_disable_heading":"default","ocean_post_title":"","ocean_post_subheading":"","ocean_post_title_style":"","ocean_post_title_background_color":"","ocean_post_title_background":0,"ocean_post_title_bg_image_position":"","ocean_post_title_bg_image_attachment":"","ocean_post_title_bg_image_repeat":"","ocean_post_title_bg_image_size":"","ocean_post_title_height":0,"ocean_post_title_bg_overlay":0.5,"ocean_post_title_bg_overlay_color":"","ocean_disable_breadcrumbs":"default","ocean_breadcrumbs_color":"","ocean_breadcrumbs_separator_color":"","ocean_breadcrumbs_links_color":"","ocean_breadcrumbs_links_hover_color":"","ocean_display_footer_widgets":"default","ocean_display_footer_bottom":"default","ocean_custom_footer_template":"0"},"yoast_head":"<!-- This site is optimized with the Yoast SEO plugin v21.8.1 - https:\/\/yoast.com\/wordpress\/plugins\/seo\/ -->\n<title>Milta Pod - Heilpraktiker Praxis Christina Schmidt<\/title>\n<meta name=\"robots\" content=\"index, follow, max-snippet:-1, max-image-preview:large, max-video-preview:-1\" \/>\n<link rel=\"canonical\" href=\"https:\/\/heilpraktikerpraxis-hh.de\/?page_id=1510\" \/>\n<meta property=\"og:locale\" content=\"de_DE\" \/>\n<meta property=\"og:type\" content=\"article\" \/>\n<meta property=\"og:title\" content=\"Milta Pod - Heilpraktiker Praxis Christina Schmidt\" \/>\n<meta property=\"og:description\" content=\"Ganzheitliche medizin Milta Pod Die Heilpraktiker-Praxis in HAMBURG LOKSTEDT Licht ist Lebensnotwendig Jede lebende Zelle \u2013 egal ob menschlich, tierisch oder pflanzlich \u2013 gibt pro Sekunde \u00fcber 100\u2019000 Lichtimpulse ab. Erst mit dem Tod endet dieser Lichtaussto\u00df. Diese Lichtschwingungen oder Lichtteilchen (Photonen) sind f\u00fcr alle biochemischen Vorg\u00e4nge verantwortlich, was in den sp\u00e4ten Siebzigerjahren durch den [&hellip;]\" \/>\n<meta property=\"og:url\" content=\"https:\/\/heilpraktikerpraxis-hh.de\/?page_id=1510\" \/>\n<meta property=\"og:site_name\" content=\"Heilpraktiker Praxis Christina Schmidt\" \/>\n<meta property=\"article:modified_time\" content=\"2024-04-20T14:38:39+00:00\" \/>\n<meta property=\"og:image\" content=\"https:\/\/heilpraktikerpraxis-hh.de\/wp-content\/uploads\/2024\/04\/IMG_8218-1-1024x929.jpg\" \/>\n<meta name=\"twitter:card\" content=\"summary_large_image\" \/>\n<meta name=\"twitter:label1\" content=\"Gesch\u00e4tzte Lesezeit\" \/>\n\t<meta name=\"twitter:data1\" content=\"2 Minuten\" \/>\n<script type=\"application\/ld+json\" class=\"yoast-schema-graph\">{\"@context\":\"https:\/\/schema.org\",\"@graph\":[{\"@type\":\"WebPage\",\"@id\":\"https:\/\/heilpraktikerpraxis-hh.de\/?page_id=1510\",\"url\":\"https:\/\/heilpraktikerpraxis-hh.de\/?page_id=1510\",\"name\":\"Milta Pod - Heilpraktiker Praxis Christina Schmidt\",\"isPartOf\":{\"@id\":\"https:\/\/heilpraktikerpraxis-hh.de\/#website\"},\"datePublished\":\"2024-04-19T15:26:24+00:00\",\"dateModified\":\"2024-04-20T14:38:39+00:00\",\"breadcrumb\":{\"@id\":\"https:\/\/heilpraktikerpraxis-hh.de\/?page_id=1510#breadcrumb\"},\"inLanguage\":\"de-DE\",\"potentialAction\":[{\"@type\":\"ReadAction\",\"target\":[\"https:\/\/heilpraktikerpraxis-hh.de\/?page_id=1510\"]}]},{\"@type\":\"BreadcrumbList\",\"@id\":\"https:\/\/heilpraktikerpraxis-hh.de\/?page_id=1510#breadcrumb\",\"itemListElement\":[{\"@type\":\"ListItem\",\"position\":1,\"name\":\"Startseite\",\"item\":\"https:\/\/heilpraktikerpraxis-hh.de\/\"},{\"@type\":\"ListItem\",\"position\":2,\"name\":\"Milta Pod\"}]},{\"@type\":\"WebSite\",\"@id\":\"https:\/\/heilpraktikerpraxis-hh.de\/#website\",\"url\":\"https:\/\/heilpraktikerpraxis-hh.de\/\",\"name\":\"Heilpraktiker Praxis Christina Schmidt\",\"description\":\"Ihre Heilpraktikerin in Hamburg Lokstedt\",\"publisher\":{\"@id\":\"https:\/\/heilpraktikerpraxis-hh.de\/#organization\"},\"potentialAction\":[{\"@type\":\"SearchAction\",\"target\":{\"@type\":\"EntryPoint\",\"urlTemplate\":\"https:\/\/heilpraktikerpraxis-hh.de\/?s={search_term_string}\"},\"query-input\":\"required name=search_term_string\"}],\"inLanguage\":\"de-DE\"},{\"@type\":\"Organization\",\"@id\":\"https:\/\/heilpraktikerpraxis-hh.de\/#organization\",\"name\":\"Heilpraktiker Praxis Christina Schmidt\",\"url\":\"https:\/\/heilpraktikerpraxis-hh.de\/\",\"logo\":{\"@type\":\"ImageObject\",\"inLanguage\":\"de-DE\",\"@id\":\"https:\/\/heilpraktikerpraxis-hh.de\/#\/schema\/logo\/image\/\",\"url\":\"https:\/\/heilpraktikerpraxis-hh.de\/wp-content\/uploads\/2024\/03\/cropped-CS_Logo.png\",\"contentUrl\":\"https:\/\/heilpraktikerpraxis-hh.de\/wp-content\/uploads\/2024\/03\/cropped-CS_Logo.png\",\"width\":2411,\"height\":853,\"caption\":\"Heilpraktiker Praxis Christina Schmidt\"},\"image\":{\"@id\":\"https:\/\/heilpraktikerpraxis-hh.de\/#\/schema\/logo\/image\/\"}}]}<\/script>\n<!-- \/ Yoast SEO plugin. -->","yoast_head_json":{"title":"Milta Pod - Heilpraktiker Praxis Christina Schmidt","robots":{"index":"index","follow":"follow","max-snippet":"max-snippet:-1","max-image-preview":"max-image-preview:large","max-video-preview":"max-video-preview:-1"},"canonical":"https:\/\/heilpraktikerpraxis-hh.de\/?page_id=1510","og_locale":"de_DE","og_type":"article","og_title":"Milta Pod - Heilpraktiker Praxis Christina Schmidt","og_description":"Ganzheitliche medizin Milta Pod Die Heilpraktiker-Praxis in HAMBURG LOKSTEDT Licht ist Lebensnotwendig Jede lebende Zelle \u2013 egal ob menschlich, tierisch oder pflanzlich \u2013 gibt pro Sekunde \u00fcber 100\u2019000 Lichtimpulse ab. Erst mit dem Tod endet dieser Lichtaussto\u00df. Diese Lichtschwingungen oder Lichtteilchen (Photonen) sind f\u00fcr alle biochemischen Vorg\u00e4nge verantwortlich, was in den sp\u00e4ten Siebzigerjahren durch den [&hellip;]","og_url":"https:\/\/heilpraktikerpraxis-hh.de\/?page_id=1510","og_site_name":"Heilpraktiker Praxis Christina Schmidt","article_modified_time":"2024-04-20T14:38:39+00:00","og_image":[{"url":"https:\/\/heilpraktikerpraxis-hh.de\/wp-content\/uploads\/2024\/04\/IMG_8218-1-1024x929.jpg"}],"twitter_card":"summary_large_image","twitter_misc":{"Gesch\u00e4tzte Lesezeit":"2 Minuten"},"schema":{"@context":"https:\/\/schema.org","@graph":[{"@type":"WebPage","@id":"https:\/\/heilpraktikerpraxis-hh.de\/?page_id=1510","url":"https:\/\/heilpraktikerpraxis-hh.de\/?page_id=1510","name":"Milta Pod - Heilpraktiker Praxis Christina Schmidt","isPartOf":{"@id":"https:\/\/heilpraktikerpraxis-hh.de\/#website"},"datePublished":"2024-04-19T15:26:24+00:00","dateModified":"2024-04-20T14:38:39+00:00","breadcrumb":{"@id":"https:\/\/heilpraktikerpraxis-hh.de\/?page_id=1510#breadcrumb"},"inLanguage":"de-DE","potentialAction":[{"@type":"ReadAction","target":["https:\/\/heilpraktikerpraxis-hh.de\/?page_id=1510"]}]},{"@type":"BreadcrumbList","@id":"https:\/\/heilpraktikerpraxis-hh.de\/?page_id=1510#breadcrumb","itemListElement":[{"@type":"ListItem","position":1,"name":"Startseite","item":"https:\/\/heilpraktikerpraxis-hh.de\/"},{"@type":"ListItem","position":2,"name":"Milta Pod"}]},{"@type":"WebSite","@id":"https:\/\/heilpraktikerpraxis-hh.de\/#website","url":"https:\/\/heilpraktikerpraxis-hh.de\/","name":"Heilpraktiker Praxis Christina Schmidt","description":"Ihre Heilpraktikerin in Hamburg Lokstedt","publisher":{"@id":"https:\/\/heilpraktikerpraxis-hh.de\/#organization"},"potentialAction":[{"@type":"SearchAction","target":{"@type":"EntryPoint","urlTemplate":"https:\/\/heilpraktikerpraxis-hh.de\/?s={search_term_string}"},"query-input":"required name=search_term_string"}],"inLanguage":"de-DE"},{"@type":"Organization","@id":"https:\/\/heilpraktikerpraxis-hh.de\/#organization","name":"Heilpraktiker Praxis Christina Schmidt","url":"https:\/\/heilpraktikerpraxis-hh.de\/","logo":{"@type":"ImageObject","inLanguage":"de-DE","@id":"https:\/\/heilpraktikerpraxis-hh.de\/#\/schema\/logo\/image\/","url":"https:\/\/heilpraktikerpraxis-hh.de\/wp-content\/uploads\/2024\/03\/cropped-CS_Logo.png","contentUrl":"https:\/\/heilpraktikerpraxis-hh.de\/wp-content\/uploads\/2024\/03\/cropped-CS_Logo.png","width":2411,"height":853,"caption":"Heilpraktiker Praxis Christina Schmidt"},"image":{"@id":"https:\/\/heilpraktikerpraxis-hh.de\/#\/schema\/logo\/image\/"}}]}},"_links":{"self":[{"href":"https:\/\/heilpraktikerpraxis-hh.de\/index.php?rest_route=\/wp\/v2\/pages\/1510"}],"collection":[{"href":"https:\/\/heilpraktikerpraxis-hh.de\/index.php?rest_route=\/wp\/v2\/pages"}],"about":[{"href":"https:\/\/heilpraktikerpraxis-hh.de\/index.php?rest_route=\/wp\/v2\/types\/page"}],"author":[{"embeddable":true,"href":"https:\/\/heilpraktikerpraxis-hh.de\/index.php?rest_route=\/wp\/v2\/users\/1"}],"replies":[{"embeddable":true,"href":"https:\/\/heilpraktikerpraxis-hh.de\/index.php?rest_route=%2Fwp%2Fv2%2Fcomments&post=1510"}],"version-history":[{"count":61,"href":"https:\/\/heilpraktikerpraxis-hh.de\/index.php?rest_route=\/wp\/v2\/pages\/1510\/revisions"}],"predecessor-version":[{"id":1611,"href":"https:\/\/heilpraktikerpraxis-hh.de\/index.php?rest_route=\/wp\/v2\/pages\/1510\/revisions\/1611"}],"wp:attachment":[{"href":"https:\/\/heilpraktikerpraxis-hh.de\/index.php?rest_route=%2Fwp%2Fv2%2Fmedia&parent=1510"}],"curies":[{"name":"wp","href":"https:\/\/api.w.org\/{rel}","templated":true}]}}