{"id":437,"date":"2023-07-10T09:40:44","date_gmt":"2023-07-10T09:40:44","guid":{"rendered":"https:\/\/heilpraktikerpraxis-hh.de\/?page_id=437"},"modified":"2023-10-09T16:44:21","modified_gmt":"2023-10-09T16:44:21","slug":"subpage-dorn-breuss-methode","status":"publish","type":"page","link":"https:\/\/heilpraktikerpraxis-hh.de\/?page_id=437","title":{"rendered":"Subpage  Dorn-Breu\u00df-Methode"},"content":{"rendered":"\t\t<div data-elementor-type=\"wp-post\" data-elementor-id=\"437\" class=\"elementor elementor-437\">\n\t\t\t\t\t\t<header class=\"elementor-section elementor-top-section elementor-element elementor-element-10bed5b1 elementor-section-height-min-height elementor-section-full_width elementor-section-height-default elementor-section-items-middle\" data-id=\"10bed5b1\" data-element_type=\"section\" data-settings=\"{&quot;background_background&quot;:&quot;classic&quot;}\">\n\t\t\t\t\t\t\t<div class=\"elementor-background-overlay\"><\/div>\n\t\t\t\t\t\t\t<div class=\"elementor-container elementor-column-gap-default\">\n\t\t\t\t\t<div class=\"elementor-column elementor-col-100 elementor-top-column elementor-element elementor-element-447abb5\" data-id=\"447abb5\" data-element_type=\"column\">\n\t\t\t<div class=\"elementor-widget-wrap elementor-element-populated\">\n\t\t\t\t\t\t<div class=\"elementor-element elementor-element-19a1ed74 elementor-invisible elementor-widget elementor-widget-heading\" data-id=\"19a1ed74\" data-element_type=\"widget\" data-settings=\"{&quot;_animation&quot;:&quot;fadeInLeft&quot;,&quot;_animation_delay&quot;:700}\" data-widget_type=\"heading.default\">\n\t\t\t\t<div class=\"elementor-widget-container\">\n\t\t\t<style>\/*! elementor - v3.23.0 - 05-08-2024 *\/\n.elementor-heading-title{padding:0;margin:0;line-height:1}.elementor-widget-heading .elementor-heading-title[class*=elementor-size-]>a{color:inherit;font-size:inherit;line-height:inherit}.elementor-widget-heading .elementor-heading-title.elementor-size-small{font-size:15px}.elementor-widget-heading .elementor-heading-title.elementor-size-medium{font-size:19px}.elementor-widget-heading .elementor-heading-title.elementor-size-large{font-size:29px}.elementor-widget-heading .elementor-heading-title.elementor-size-xl{font-size:39px}.elementor-widget-heading .elementor-heading-title.elementor-size-xxl{font-size:59px}<\/style><h3 class=\"elementor-heading-title elementor-size-default\">Ganzheitliche medizin<\/h3>\t\t<\/div>\n\t\t\t\t<\/div>\n\t\t\t\t<div class=\"elementor-element elementor-element-7cc82f93 elementor-invisible elementor-widget elementor-widget-heading\" data-id=\"7cc82f93\" data-element_type=\"widget\" data-settings=\"{&quot;_animation&quot;:&quot;fadeInLeft&quot;,&quot;_animation_delay&quot;:500}\" data-widget_type=\"heading.default\">\n\t\t\t\t<div class=\"elementor-widget-container\">\n\t\t\t<h1 class=\"elementor-heading-title elementor-size-default\">Dorn-Breu\u00df-Methode\u200b<\/h1>\t\t<\/div>\n\t\t\t\t<\/div>\n\t\t\t\t<div class=\"elementor-element elementor-element-12d5e5f6 elementor-invisible elementor-widget elementor-widget-text-editor\" data-id=\"12d5e5f6\" data-element_type=\"widget\" data-settings=\"{&quot;_animation&quot;:&quot;fadeInLeft&quot;,&quot;_animation_delay&quot;:300}\" data-widget_type=\"text-editor.default\">\n\t\t\t\t<div class=\"elementor-widget-container\">\n\t\t\t<style>\/*! elementor - v3.23.0 - 05-08-2024 *\/\n.elementor-widget-text-editor.elementor-drop-cap-view-stacked .elementor-drop-cap{background-color:#69727d;color:#fff}.elementor-widget-text-editor.elementor-drop-cap-view-framed .elementor-drop-cap{color:#69727d;border:3px solid;background-color:transparent}.elementor-widget-text-editor:not(.elementor-drop-cap-view-default) .elementor-drop-cap{margin-top:8px}.elementor-widget-text-editor:not(.elementor-drop-cap-view-default) .elementor-drop-cap-letter{width:1em;height:1em}.elementor-widget-text-editor .elementor-drop-cap{float:left;text-align:center;line-height:1;font-size:50px}.elementor-widget-text-editor .elementor-drop-cap-letter{display:inline-block}<\/style>\t\t\t\t<p><b>Die Heilpraktikerpraxis in HAMBURG &#8211; LOKSTEDT<\/b><\/p>\t\t\t\t\t\t<\/div>\n\t\t\t\t<\/div>\n\t\t\t\t\t<\/div>\n\t\t<\/div>\n\t\t\t\t\t<\/div>\n\t\t<\/header>\n\t\t\t\t<section class=\"elementor-section elementor-top-section elementor-element elementor-element-6ea22a92 elementor-section-boxed elementor-section-height-default elementor-section-height-default\" data-id=\"6ea22a92\" data-element_type=\"section\" data-settings=\"{&quot;background_background&quot;:&quot;classic&quot;}\">\n\t\t\t\t\t\t<div class=\"elementor-container elementor-column-gap-default\">\n\t\t\t\t\t<div class=\"elementor-column elementor-col-100 elementor-top-column elementor-element elementor-element-507b2c68\" data-id=\"507b2c68\" data-element_type=\"column\">\n\t\t\t<div class=\"elementor-widget-wrap\">\n\t\t\t\t\t\t\t<\/div>\n\t\t<\/div>\n\t\t\t\t\t<\/div>\n\t\t<\/section>\n\t\t\t\t<section class=\"elementor-section elementor-top-section elementor-element elementor-element-66dd47a9 elementor-section-boxed elementor-section-height-default elementor-section-height-default\" data-id=\"66dd47a9\" data-element_type=\"section\" data-settings=\"{&quot;background_background&quot;:&quot;classic&quot;}\">\n\t\t\t\t\t\t<div class=\"elementor-container elementor-column-gap-default\">\n\t\t\t\t\t<div class=\"elementor-column elementor-col-100 elementor-top-column elementor-element elementor-element-24d0ab26\" data-id=\"24d0ab26\" data-element_type=\"column\" data-settings=\"{&quot;background_background&quot;:&quot;classic&quot;}\">\n\t\t\t<div class=\"elementor-widget-wrap elementor-element-populated\">\n\t\t\t\t\t\t<section class=\"elementor-section elementor-inner-section elementor-element elementor-element-6f71eefd elementor-section-boxed elementor-section-height-default elementor-section-height-default\" data-id=\"6f71eefd\" data-element_type=\"section\">\n\t\t\t\t\t\t<div class=\"elementor-container elementor-column-gap-default\">\n\t\t\t\t\t<div class=\"elementor-column elementor-col-100 elementor-inner-column elementor-element elementor-element-189aa32b elementor-invisible\" data-id=\"189aa32b\" data-element_type=\"column\" data-settings=\"{&quot;animation&quot;:&quot;fadeInLeft&quot;}\">\n\t\t\t<div class=\"elementor-widget-wrap elementor-element-populated\">\n\t\t\t\t\t\t<div class=\"elementor-element elementor-element-fc2a3df elementor-widget elementor-widget-heading\" data-id=\"fc2a3df\" data-element_type=\"widget\" data-widget_type=\"heading.default\">\n\t\t\t\t<div class=\"elementor-widget-container\">\n\t\t\t<h5 class=\"elementor-heading-title elementor-size-default\">Tiefgreifende Massage<\/h5>\t\t<\/div>\n\t\t\t\t<\/div>\n\t\t\t\t<div class=\"elementor-element elementor-element-582073e5 elementor-widget elementor-widget-heading\" data-id=\"582073e5\" data-element_type=\"widget\" data-widget_type=\"heading.default\">\n\t\t\t\t<div class=\"elementor-widget-container\">\n\t\t\t<h2 class=\"elementor-heading-title elementor-size-default\">Anwendung der Dorn- und Breu\u00dfmethode<\/h2>\t\t<\/div>\n\t\t\t\t<\/div>\n\t\t\t\t<div class=\"elementor-element elementor-element-42e9062c elementor-widget elementor-widget-text-editor\" data-id=\"42e9062c\" data-element_type=\"widget\" data-widget_type=\"text-editor.default\">\n\t\t\t\t<div class=\"elementor-widget-container\">\n\t\t\t\t\t\t\t<p>Die Dorn-Methode ist eine sanfte manuelle Therapie, die in den 1970er Jahren entwickelt wurde. Es handelt sich um eine Methode zur Korrektur von Fehlstellungen der Wirbels\u00e4ule und anderen Gelenken im K\u00f6rper.<br \/>Sie basiert auf der Annahme, dass viele Schmerzen und Funktionsst\u00f6rungen im K\u00f6rper auf Fehlstellungen der Wirbel und Gelenke zur\u00fcckzuf\u00fchren sind. Solche Fehlstellungen k\u00f6nnen durch allt\u00e4gliche Bewegungen, einseitige Belastungen oder auch durch traumatische Ereignisse wie z.B. Unf\u00e4lle entstehen.<br \/>Ich wendet eine Kombination von sanften Druck- und Bewegungstechniken an, die darauf abzielen, die Fehlstellungen im K\u00f6rper zu korrigieren. Dabei arbeitet man eng mit dem Patienten zusammen und f\u00fchrt ihn durch verschiedene Bewegungsabl\u00e4ufe, um die betroffenen Gelenke in die richtige Position zu bringen.<br \/>Die Dorn-Methode kann bei einer Vielzahl von Beschwerden wie R\u00fcckenschmerzen, Kopfschmerzen, Gelenkschmerzen,Verdauungsproblemen etc. eingesetzt werden.<\/p><p>Die Breu\u00df-Massage ist eine sanfte, energetische R\u00fcckenmassage die gerne in Kombination mit der Dorn-Methode eingesetzt wird. Sie ist darauf ausgerichtet, Verspannungen und Blockaden im R\u00fccken zu l\u00f6sen und die Wirbels\u00e4ule zu entspannen, was eine anschlie\u00dfende Korrektur von Fehlstellungen erleichtert.<br \/>Sie wird mit einer Johanniskraut-\u00d6lmischung durchgef\u00fchrt und besteht aus langsamen, streichenden Bewegungen entlang der Wirbels\u00e4ule und den R\u00fcckenmuskeln. Der Druck ist sehr sanft und individuell an den jeweiligen Patienten angepasst. Die Wirbels\u00e4ule wird auf sanfte Weise gedehnen und gestrecket. Dabei wird die Durchblutung verbessert und der Energiefluss im K\u00f6rper wird harmonisiert.<\/p>\t\t\t\t\t\t<\/div>\n\t\t\t\t<\/div>\n\t\t\t\t\t<\/div>\n\t\t<\/div>\n\t\t\t\t\t<\/div>\n\t\t<\/section>\n\t\t\t\t\t<\/div>\n\t\t<\/div>\n\t\t\t\t\t<\/div>\n\t\t<\/section>\n\t\t\t\t<section class=\"elementor-section elementor-top-section elementor-element elementor-element-52643faa elementor-section-height-min-height elementor-section-boxed elementor-section-height-default elementor-section-items-middle\" data-id=\"52643faa\" data-element_type=\"section\" data-settings=\"{&quot;background_background&quot;:&quot;classic&quot;}\">\n\t\t\t\t\t\t<div class=\"elementor-container elementor-column-gap-default\">\n\t\t\t\t\t<div class=\"elementor-column elementor-col-100 elementor-top-column elementor-element elementor-element-1bf8c7ca\" data-id=\"1bf8c7ca\" data-element_type=\"column\">\n\t\t\t<div class=\"elementor-widget-wrap elementor-element-populated\">\n\t\t\t\t\t\t<div class=\"elementor-element elementor-element-4c7dfc29 elementor-widget elementor-widget-spacer\" data-id=\"4c7dfc29\" data-element_type=\"widget\" data-widget_type=\"spacer.default\">\n\t\t\t\t<div class=\"elementor-widget-container\">\n\t\t\t<style>\/*! elementor - v3.23.0 - 05-08-2024 *\/\n.elementor-column .elementor-spacer-inner{height:var(--spacer-size)}.e-con{--container-widget-width:100%}.e-con-inner>.elementor-widget-spacer,.e-con>.elementor-widget-spacer{width:var(--container-widget-width,var(--spacer-size));--align-self:var(--container-widget-align-self,initial);--flex-shrink:0}.e-con-inner>.elementor-widget-spacer>.elementor-widget-container,.e-con>.elementor-widget-spacer>.elementor-widget-container{height:100%;width:100%}.e-con-inner>.elementor-widget-spacer>.elementor-widget-container>.elementor-spacer,.e-con>.elementor-widget-spacer>.elementor-widget-container>.elementor-spacer{height:100%}.e-con-inner>.elementor-widget-spacer>.elementor-widget-container>.elementor-spacer>.elementor-spacer-inner,.e-con>.elementor-widget-spacer>.elementor-widget-container>.elementor-spacer>.elementor-spacer-inner{height:var(--container-widget-height,var(--spacer-size))}.e-con-inner>.elementor-widget-spacer.elementor-widget-empty,.e-con>.elementor-widget-spacer.elementor-widget-empty{position:relative;min-height:22px;min-width:22px}.e-con-inner>.elementor-widget-spacer.elementor-widget-empty .elementor-widget-empty-icon,.e-con>.elementor-widget-spacer.elementor-widget-empty .elementor-widget-empty-icon{position:absolute;top:0;bottom:0;left:0;right:0;margin:auto;padding:0;width:22px;height:22px}<\/style>\t\t<div class=\"elementor-spacer\">\n\t\t\t<div class=\"elementor-spacer-inner\"><\/div>\n\t\t<\/div>\n\t\t\t\t<\/div>\n\t\t\t\t<\/div>\n\t\t\t\t\t<\/div>\n\t\t<\/div>\n\t\t\t\t\t<\/div>\n\t\t<\/section>\n\t\t\t\t<\/div>\n\t\t","protected":false},"excerpt":{"rendered":"<p>Ganzheitliche medizin Dorn-Breu\u00df-Methode\u200b Die Heilpraktikerpraxis in HAMBURG &#8211; LOKSTEDT Tiefgreifende Massage Anwendung der Dorn- und Breu\u00dfmethode Die Dorn-Methode ist eine sanfte manuelle Therapie, die in den 1970er Jahren entwickelt wurde. Es handelt sich um eine Methode zur Korrektur von Fehlstellungen der Wirbels\u00e4ule und anderen Gelenken im K\u00f6rper.Sie basiert auf der Annahme, dass viele Schmerzen und [&hellip;]<\/p>\n","protected":false},"author":1,"featured_media":0,"parent":0,"menu_order":0,"comment_status":"closed","ping_status":"closed","template":"","meta":{"ocean_post_layout":"full-screen","ocean_both_sidebars_style":"","ocean_both_sidebars_content_width":0,"ocean_both_sidebars_sidebars_width":0,"ocean_sidebar":"0","ocean_second_sidebar":"0","ocean_disable_margins":"enable","ocean_add_body_class":"","ocean_shortcode_before_top_bar":"","ocean_shortcode_after_top_bar":"","ocean_shortcode_before_header":"","ocean_shortcode_after_header":"","ocean_has_shortcode":"","ocean_shortcode_after_title":"","ocean_shortcode_before_footer_widgets":"","ocean_shortcode_after_footer_widgets":"","ocean_shortcode_before_footer_bottom":"","ocean_shortcode_after_footer_bottom":"","ocean_display_top_bar":"off","ocean_display_header":"on","ocean_header_style":"center","ocean_center_header_left_menu":"0","ocean_custom_header_template":"0","ocean_custom_logo":0,"ocean_custom_retina_logo":0,"ocean_custom_logo_max_width":0,"ocean_custom_logo_tablet_max_width":0,"ocean_custom_logo_mobile_max_width":0,"ocean_custom_logo_max_height":0,"ocean_custom_logo_tablet_max_height":0,"ocean_custom_logo_mobile_max_height":0,"ocean_header_custom_menu":"0","ocean_menu_typo_font_family":"0","ocean_menu_typo_font_subset":"","ocean_menu_typo_font_size":0,"ocean_menu_typo_font_size_tablet":0,"ocean_menu_typo_font_size_mobile":0,"ocean_menu_typo_font_size_unit":"px","ocean_menu_typo_font_weight":"","ocean_menu_typo_font_weight_tablet":"","ocean_menu_typo_font_weight_mobile":"","ocean_menu_typo_transform":"","ocean_menu_typo_transform_tablet":"","ocean_menu_typo_transform_mobile":"","ocean_menu_typo_line_height":0,"ocean_menu_typo_line_height_tablet":0,"ocean_menu_typo_line_height_mobile":0,"ocean_menu_typo_line_height_unit":"","ocean_menu_typo_spacing":0,"ocean_menu_typo_spacing_tablet":0,"ocean_menu_typo_spacing_mobile":0,"ocean_menu_typo_spacing_unit":"","ocean_menu_link_color":"","ocean_menu_link_color_hover":"","ocean_menu_link_color_active":"","ocean_menu_link_background":"","ocean_menu_link_hover_background":"","ocean_menu_link_active_background":"","ocean_menu_social_links_bg":"","ocean_menu_social_hover_links_bg":"","ocean_menu_social_links_color":"","ocean_menu_social_hover_links_color":"","ocean_disable_title":"on","ocean_disable_heading":"default","ocean_post_title":"","ocean_post_subheading":"","ocean_post_title_style":"","ocean_post_title_background_color":"","ocean_post_title_background":0,"ocean_post_title_bg_image_position":"","ocean_post_title_bg_image_attachment":"","ocean_post_title_bg_image_repeat":"","ocean_post_title_bg_image_size":"","ocean_post_title_height":0,"ocean_post_title_bg_overlay":0.5,"ocean_post_title_bg_overlay_color":"","ocean_disable_breadcrumbs":"default","ocean_breadcrumbs_color":"","ocean_breadcrumbs_separator_color":"","ocean_breadcrumbs_links_color":"","ocean_breadcrumbs_links_hover_color":"","ocean_display_footer_widgets":"default","ocean_display_footer_bottom":"default","ocean_custom_footer_template":"0"},"yoast_head":"<!-- This site is optimized with the Yoast SEO plugin v21.8.1 - https:\/\/yoast.com\/wordpress\/plugins\/seo\/ -->\n<title>Subpage Dorn-Breu\u00df-Methode - Heilpraktiker Praxis Christina Schmidt<\/title>\n<meta name=\"robots\" content=\"index, follow, max-snippet:-1, max-image-preview:large, max-video-preview:-1\" \/>\n<link rel=\"canonical\" href=\"https:\/\/heilpraktikerpraxis-hh.de\/?page_id=437\" \/>\n<meta property=\"og:locale\" content=\"de_DE\" \/>\n<meta property=\"og:type\" content=\"article\" \/>\n<meta property=\"og:title\" content=\"Subpage Dorn-Breu\u00df-Methode - Heilpraktiker Praxis Christina Schmidt\" \/>\n<meta property=\"og:description\" content=\"Ganzheitliche medizin Dorn-Breu\u00df-Methode\u200b Die Heilpraktikerpraxis in HAMBURG &#8211; LOKSTEDT Tiefgreifende Massage Anwendung der Dorn- und Breu\u00dfmethode Die Dorn-Methode ist eine sanfte manuelle Therapie, die in den 1970er Jahren entwickelt wurde. Es handelt sich um eine Methode zur Korrektur von Fehlstellungen der Wirbels\u00e4ule und anderen Gelenken im K\u00f6rper.Sie basiert auf der Annahme, dass viele Schmerzen und [&hellip;]\" \/>\n<meta property=\"og:url\" content=\"https:\/\/heilpraktikerpraxis-hh.de\/?page_id=437\" \/>\n<meta property=\"og:site_name\" content=\"Heilpraktiker Praxis Christina Schmidt\" \/>\n<meta property=\"article:modified_time\" content=\"2023-10-09T16:44:21+00:00\" \/>\n<meta name=\"twitter:card\" content=\"summary_large_image\" \/>\n<meta name=\"twitter:label1\" content=\"Gesch\u00e4tzte Lesezeit\" \/>\n\t<meta name=\"twitter:data1\" content=\"2 Minuten\" \/>\n<script type=\"application\/ld+json\" class=\"yoast-schema-graph\">{\"@context\":\"https:\/\/schema.org\",\"@graph\":[{\"@type\":\"WebPage\",\"@id\":\"https:\/\/heilpraktikerpraxis-hh.de\/?page_id=437\",\"url\":\"https:\/\/heilpraktikerpraxis-hh.de\/?page_id=437\",\"name\":\"Subpage Dorn-Breu\u00df-Methode - Heilpraktiker Praxis Christina Schmidt\",\"isPartOf\":{\"@id\":\"https:\/\/heilpraktikerpraxis-hh.de\/#website\"},\"datePublished\":\"2023-07-10T09:40:44+00:00\",\"dateModified\":\"2023-10-09T16:44:21+00:00\",\"breadcrumb\":{\"@id\":\"https:\/\/heilpraktikerpraxis-hh.de\/?page_id=437#breadcrumb\"},\"inLanguage\":\"de-DE\",\"potentialAction\":[{\"@type\":\"ReadAction\",\"target\":[\"https:\/\/heilpraktikerpraxis-hh.de\/?page_id=437\"]}]},{\"@type\":\"BreadcrumbList\",\"@id\":\"https:\/\/heilpraktikerpraxis-hh.de\/?page_id=437#breadcrumb\",\"itemListElement\":[{\"@type\":\"ListItem\",\"position\":1,\"name\":\"Startseite\",\"item\":\"https:\/\/heilpraktikerpraxis-hh.de\/\"},{\"@type\":\"ListItem\",\"position\":2,\"name\":\"Subpage Dorn-Breu\u00df-Methode\"}]},{\"@type\":\"WebSite\",\"@id\":\"https:\/\/heilpraktikerpraxis-hh.de\/#website\",\"url\":\"https:\/\/heilpraktikerpraxis-hh.de\/\",\"name\":\"Heilpraktiker Praxis Christina Schmidt\",\"description\":\"Ihre Heilpraktikerin in Hamburg Lokstedt\",\"publisher\":{\"@id\":\"https:\/\/heilpraktikerpraxis-hh.de\/#organization\"},\"potentialAction\":[{\"@type\":\"SearchAction\",\"target\":{\"@type\":\"EntryPoint\",\"urlTemplate\":\"https:\/\/heilpraktikerpraxis-hh.de\/?s={search_term_string}\"},\"query-input\":\"required name=search_term_string\"}],\"inLanguage\":\"de-DE\"},{\"@type\":\"Organization\",\"@id\":\"https:\/\/heilpraktikerpraxis-hh.de\/#organization\",\"name\":\"Heilpraktiker Praxis Christina Schmidt\",\"url\":\"https:\/\/heilpraktikerpraxis-hh.de\/\",\"logo\":{\"@type\":\"ImageObject\",\"inLanguage\":\"de-DE\",\"@id\":\"https:\/\/heilpraktikerpraxis-hh.de\/#\/schema\/logo\/image\/\",\"url\":\"https:\/\/heilpraktikerpraxis-hh.de\/wp-content\/uploads\/2024\/03\/cropped-CS_Logo.png\",\"contentUrl\":\"https:\/\/heilpraktikerpraxis-hh.de\/wp-content\/uploads\/2024\/03\/cropped-CS_Logo.png\",\"width\":2411,\"height\":853,\"caption\":\"Heilpraktiker Praxis Christina Schmidt\"},\"image\":{\"@id\":\"https:\/\/heilpraktikerpraxis-hh.de\/#\/schema\/logo\/image\/\"}}]}<\/script>\n<!-- \/ Yoast SEO plugin. -->","yoast_head_json":{"title":"Subpage Dorn-Breu\u00df-Methode - Heilpraktiker Praxis Christina Schmidt","robots":{"index":"index","follow":"follow","max-snippet":"max-snippet:-1","max-image-preview":"max-image-preview:large","max-video-preview":"max-video-preview:-1"},"canonical":"https:\/\/heilpraktikerpraxis-hh.de\/?page_id=437","og_locale":"de_DE","og_type":"article","og_title":"Subpage Dorn-Breu\u00df-Methode - Heilpraktiker Praxis Christina Schmidt","og_description":"Ganzheitliche medizin Dorn-Breu\u00df-Methode\u200b Die Heilpraktikerpraxis in HAMBURG &#8211; LOKSTEDT Tiefgreifende Massage Anwendung der Dorn- und Breu\u00dfmethode Die Dorn-Methode ist eine sanfte manuelle Therapie, die in den 1970er Jahren entwickelt wurde. Es handelt sich um eine Methode zur Korrektur von Fehlstellungen der Wirbels\u00e4ule und anderen Gelenken im K\u00f6rper.Sie basiert auf der Annahme, dass viele Schmerzen und [&hellip;]","og_url":"https:\/\/heilpraktikerpraxis-hh.de\/?page_id=437","og_site_name":"Heilpraktiker Praxis Christina Schmidt","article_modified_time":"2023-10-09T16:44:21+00:00","twitter_card":"summary_large_image","twitter_misc":{"Gesch\u00e4tzte Lesezeit":"2 Minuten"},"schema":{"@context":"https:\/\/schema.org","@graph":[{"@type":"WebPage","@id":"https:\/\/heilpraktikerpraxis-hh.de\/?page_id=437","url":"https:\/\/heilpraktikerpraxis-hh.de\/?page_id=437","name":"Subpage Dorn-Breu\u00df-Methode - Heilpraktiker Praxis Christina Schmidt","isPartOf":{"@id":"https:\/\/heilpraktikerpraxis-hh.de\/#website"},"datePublished":"2023-07-10T09:40:44+00:00","dateModified":"2023-10-09T16:44:21+00:00","breadcrumb":{"@id":"https:\/\/heilpraktikerpraxis-hh.de\/?page_id=437#breadcrumb"},"inLanguage":"de-DE","potentialAction":[{"@type":"ReadAction","target":["https:\/\/heilpraktikerpraxis-hh.de\/?page_id=437"]}]},{"@type":"BreadcrumbList","@id":"https:\/\/heilpraktikerpraxis-hh.de\/?page_id=437#breadcrumb","itemListElement":[{"@type":"ListItem","position":1,"name":"Startseite","item":"https:\/\/heilpraktikerpraxis-hh.de\/"},{"@type":"ListItem","position":2,"name":"Subpage Dorn-Breu\u00df-Methode"}]},{"@type":"WebSite","@id":"https:\/\/heilpraktikerpraxis-hh.de\/#website","url":"https:\/\/heilpraktikerpraxis-hh.de\/","name":"Heilpraktiker Praxis Christina Schmidt","description":"Ihre Heilpraktikerin in Hamburg Lokstedt","publisher":{"@id":"https:\/\/heilpraktikerpraxis-hh.de\/#organization"},"potentialAction":[{"@type":"SearchAction","target":{"@type":"EntryPoint","urlTemplate":"https:\/\/heilpraktikerpraxis-hh.de\/?s={search_term_string}"},"query-input":"required name=search_term_string"}],"inLanguage":"de-DE"},{"@type":"Organization","@id":"https:\/\/heilpraktikerpraxis-hh.de\/#organization","name":"Heilpraktiker Praxis Christina Schmidt","url":"https:\/\/heilpraktikerpraxis-hh.de\/","logo":{"@type":"ImageObject","inLanguage":"de-DE","@id":"https:\/\/heilpraktikerpraxis-hh.de\/#\/schema\/logo\/image\/","url":"https:\/\/heilpraktikerpraxis-hh.de\/wp-content\/uploads\/2024\/03\/cropped-CS_Logo.png","contentUrl":"https:\/\/heilpraktikerpraxis-hh.de\/wp-content\/uploads\/2024\/03\/cropped-CS_Logo.png","width":2411,"height":853,"caption":"Heilpraktiker Praxis Christina Schmidt"},"image":{"@id":"https:\/\/heilpraktikerpraxis-hh.de\/#\/schema\/logo\/image\/"}}]}},"_links":{"self":[{"href":"https:\/\/heilpraktikerpraxis-hh.de\/index.php?rest_route=\/wp\/v2\/pages\/437"}],"collection":[{"href":"https:\/\/heilpraktikerpraxis-hh.de\/index.php?rest_route=\/wp\/v2\/pages"}],"about":[{"href":"https:\/\/heilpraktikerpraxis-hh.de\/index.php?rest_route=\/wp\/v2\/types\/page"}],"author":[{"embeddable":true,"href":"https:\/\/heilpraktikerpraxis-hh.de\/index.php?rest_route=\/wp\/v2\/users\/1"}],"replies":[{"embeddable":true,"href":"https:\/\/heilpraktikerpraxis-hh.de\/index.php?rest_route=%2Fwp%2Fv2%2Fcomments&post=437"}],"version-history":[{"count":49,"href":"https:\/\/heilpraktikerpraxis-hh.de\/index.php?rest_route=\/wp\/v2\/pages\/437\/revisions"}],"predecessor-version":[{"id":1311,"href":"https:\/\/heilpraktikerpraxis-hh.de\/index.php?rest_route=\/wp\/v2\/pages\/437\/revisions\/1311"}],"wp:attachment":[{"href":"https:\/\/heilpraktikerpraxis-hh.de\/index.php?rest_route=%2Fwp%2Fv2%2Fmedia&parent=437"}],"curies":[{"name":"wp","href":"https:\/\/api.w.org\/{rel}","templated":true}]}}